{"id":10,"date":"2023-10-09T16:02:23","date_gmt":"2023-10-09T16:02:23","guid":{"rendered":"https:\/\/www.mokrzeszow.edu.pl\/bip\/?page_id=10"},"modified":"2025-02-06T10:25:33","modified_gmt":"2025-02-06T10:25:33","slug":"o-szkole","status":"publish","type":"page","link":"https:\/\/www.mokrzeszow.edu.pl\/bip\/?page_id=10","title":{"rendered":"O szkole"},"content":{"rendered":"\n<div class=\"wp-block-columns is-layout-flex wp-container-core-columns-is-layout-28f84493 wp-block-columns-is-layout-flex\">\n<div class=\"wp-block-column is-layout-flow wp-block-column-is-layout-flow\">\n<p>PATRON<\/p>\n<\/div>\n<\/div>\n\n\n\n<div class=\"wp-block-columns is-layout-flex wp-container-core-columns-is-layout-28f84493 wp-block-columns-is-layout-flex\">\n<div class=\"wp-block-column is-layout-flow wp-block-column-is-layout-flow\">\n<ul class=\"wp-block-list\" id=\"about_BoxV_4\">\n<li>Wincenty Witos zosta\u0142 patronem Zespo\u0142u Szk\u00f3\u0142 Rolniczych w Mokrzeszowie decyzj\u0105 Kuratora O\u015bwiaty i Wychowania w Wa\u0142brzychu w oparciu o zarz\u0105dzenie Ministra z dnia 30 sierpnia 1980r. \/ nr DW 5 \/ I \/ 34 \/ 80 \/ w sprawie nadania szko\u0142om i plac\u00f3wkom o\u015bwiatowo-wychowawczym imienia patrona \/ Dz. Ucz. Mo i w Nr 10, poz. 71 \/.<br>\u00a0 \u00a0\u00a0\u00a0\u00a0\u00a0Uroczysto\u015b\u0107 ta odby\u0142a si\u0119 10.06.1984 i po\u0142\u0105czona by\u0142a z obchodami Ludowego \u015awi\u0119ta zorganizowanego przez Komitet Wojew\u00f3dzki Zjednoczonego Stronnictwa Ludowego. Akt nadania odczyta\u0142 Kurator Mieczys\u0142aw Struk.<br>\u00a0 \u00a0\u00a0\u00a0\u00a0\u00a0WINCENTY WITOS- (1874-1945). Dzia\u0142acz ruchu ludowego, polityk, publicysta, rolnik; od 1893 zwi\u0105zany z galic. SL; przyw\u00f3dca PSL &#8221;Piast&#8221;, cz\u0142onek Rady Naczelnej; 1908-31 w\u00f3jt gminy Wierzchos\u0142awice; 1908-14 wsp\u00f3\u0142za\u0142o\u017cyciel Nacz. Komitetu Nar. Pocz\u0105tkowo popiera\u0142 tworzenie legion\u00f3w pol. 1915 Odst\u0105pi\u0142 od proaustriackiej koncepcji rozwi\u0105zania kwestii polskiej, a nadzieje na odzyskanie niepodleg\u0142o\u015bci zacz\u0105\u0142 wi\u0105za\u0107 ze zwyci\u0119stwem Ententy; 1917-18 cz\u0142onek Ligi Narodowej; 1918 wsp\u00f3\u0142tw\u00f3rca i przewodnicz\u0105cy Polskiej Komisji Likwidacyjnej w Krakowie, a w latach 1919-33 premier RP. Jeden z przyw\u00f3dc\u00f3w opozycji antysanacyjnej; w 1930r osadzony w Twierdzy Brzeskiej i skazany na 1,5 roku wi\u0119zienia. W latach 1933-39 przebywa\u0142 na emigracji w Czechos\u0142owacji, uczestnik Frontu Morges. Do kraju wr\u00f3ci\u0142 w kwietniu 1939. Zamieszka\u0142 w swojej rodzinnej wsi Wierzchos\u0142awicach, gdzie pozostawa\u0142 pod sta\u0142\u0105 kontrol\u0105 miejscowego Gestapo. W 1945r. zosta\u0142 wybrany na w-ce prezydenta KRN. G\u0142osi\u0142 has\u0142a solidaryzmu ch\u0142opskiego, wspiera\u0142 lini\u0119 polit. St. Miko\u0142ajczyka, by\u0142 rolnikiem. A\u017c do \u015bmierci pe\u0142ni\u0142 obowi\u0105zki prezesa PSL. Autor m.in. &#8222;Wyboru pism i m\u00f3w&#8221; (1939), &#8222;Moje wspomnienia&#8221; (1965), &#8222;Moja tu\u0142aczka&#8221; (1967).<br>\u00a0 \u00a0\u00a0\u00a0\u00a0\u00a0Imi\u0119 Wincentego Witosa przypomina nam polskiego ch\u0142opa, pos\u0142a, premiera, przyw\u00f3dc\u0119 ruchu ludowego, wiceprezydenta Krajowej Rady Narodowej. Jest on przyk\u0142adem cz\u0142owieka o niepospolitym charakterze, ogromnej pracowito\u015bci i uporze w d\u0105\u017ceniu do zdobycia wiedzy, nie-ugi\u0119tego i twardego w sprawach klasowych. Sta\u0142 si\u0119 synonimem ch\u0142opa, kt\u00f3ry umia\u0142 broni\u0107 ch\u0142opskiej godno\u015bci.<\/li>\n<\/ul>\n<\/div>\n<\/div>\n\n\n\n<div class=\"wp-block-group has-global-padding is-layout-constrained wp-block-group-is-layout-constrained\">\n<div class=\"wp-block-columns is-layout-flex wp-container-core-columns-is-layout-28f84493 wp-block-columns-is-layout-flex\">\n<div class=\"wp-block-column is-layout-flow wp-block-column-is-layout-flow\">\n<ul class=\"wp-block-list\" id=\"about_BoxV_3\">\n<li>&#8222;Dni i noce z nami biegn\u0105,<br>a my z nimi, ku przodowi.&#8221;<br>(J. Ga\u0142czy\u0144ski)Zesp\u00f3\u0142 Szk\u00f3\u0142 Centrum Kszta\u0142cenia Rolniczego w Mokrzeszowie funkcjonuje od 1957 roku i nadal kszta\u0142ci m\u0142odzie\u017c i doros\u0142ych pod potrzeby rolnictwa i rozwijaj\u0105cych si\u0119 obszar\u00f3w wiejskich. Jako pierwsza powsta\u0142a Roczna Szko\u0142a Rolnicza, potem w 1958 r. Dwuletnia Szko\u0142a Rolniczo-Gospodarcza dla Dziewcz\u0105t. W latach 60-tych utworzono Technikum Ogrodnicze, Technikum Rolnicze i Zasadnicz\u0105 Szko\u0142\u0119 Ogrodnicz\u0105, a w 70-tych Zasadnicz\u0105 Szko\u0142\u0119 Rolnicz\u0105. W historii szko\u0142y wa\u017cnym dniem by\u0142 1 wrze\u015bnia 1976 r. W\u00f3wczas decyzj\u0105 w\u0142adz o\u015bwiatowych zosta\u0142 powo\u0142any na terenie Mokrzeszowa Zesp\u00f3\u0142 Szk\u00f3\u0142 Rolniczych. Wraz z rozwojem o\u015bwiaty rolniczej pojawi\u0142y si\u0119 nowe typy szk\u00f3\u0142, mi\u0119dzy innymi: \u015arednie Studium Zawodowe, Policealne Studium Rolnicze, Ogrodnicze i Ekonomiczne oraz Szko\u0142a Przysposabiaj\u0105ca do Zawodu Rolnika. Czas wielkich przeobra\u017ce\u0144, zmian w\u0142asno\u015bciowych w rolnictwie i towarzysz\u0105ce im przekszta\u0142cenia strukturalne w kierunku gospodarki rynkowej oraz otwarcie gospodarki na wymian\u0119 zagraniczn\u0105, stawia\u0142y przed szko\u0142ami rolniczymi zadania przygotowania absolwent\u00f3w do pracy w nowoczesnym rolnictwie. Wymaga\u0142o to wyposa\u017cenia uczni\u00f3w we w\u0142a\u015bciwe kwalifikacje zawodowe oraz stworzenia nowoczesnej bazy do kszta\u0142cenia ze szczeg\u00f3lnym uwzgl\u0119dnieniem kszta\u0142cenia praktycznego. Zesp\u00f3\u0142 Szk\u00f3\u0142 Centrum Kszta\u0142cenia Rolniczego w Mokrzeszowie sprosta\u0142 nowym wyzwaniom. Kszta\u0142cenie m\u0142odzie\u017cy i doros\u0142ych zosta\u0142o rozszerzone o nowe zawody: technik agrobiznesu, technik \u017cywienia i us\u0142ug gastronomicznych, technik architektury krajobrazu, technik hodowca koni, kucharz ma\u0142ej gastronomii i mechanik &#8211; operator pojazd\u00f3w i maszyn rolniczych. Nowoczesna baza dydaktyczna i kompetentna kadra pedagogiczna gwarantuj\u0105 wysoki poziom us\u0142ug edukacyjnych. Organem prowadz\u0105cym dla szko\u0142y jest Minister Rolnictwa i Rozwoju Wsi.<\/li>\n<\/ul>\n<\/div>\n<\/div>\n<\/div>\n\n\n\n<div class=\"wp-block-columns is-layout-flex wp-container-core-columns-is-layout-28f84493 wp-block-columns-is-layout-flex\">\n<div class=\"wp-block-column is-layout-flow wp-block-column-is-layout-flow\">\n<p>STATUT SZKO\u0141Y<\/p>\n\n\n\n<p><\/p>\n<\/div>\n<\/div>\n","protected":false},"excerpt":{"rendered":"<p>PATRON STATUT SZKO\u0141Y<\/p>\n","protected":false},"author":1,"featured_media":0,"parent":0,"menu_order":0,"comment_status":"closed","ping_status":"closed","template":"","meta":{"footnotes":""},"class_list":["post-10","page","type-page","status-publish","hentry"],"_links":{"self":[{"href":"https:\/\/www.mokrzeszow.edu.pl\/bip\/index.php?rest_route=\/wp\/v2\/pages\/10","targetHints":{"allow":["GET"]}}],"collection":[{"href":"https:\/\/www.mokrzeszow.edu.pl\/bip\/index.php?rest_route=\/wp\/v2\/pages"}],"about":[{"href":"https:\/\/www.mokrzeszow.edu.pl\/bip\/index.php?rest_route=\/wp\/v2\/types\/page"}],"author":[{"embeddable":true,"href":"https:\/\/www.mokrzeszow.edu.pl\/bip\/index.php?rest_route=\/wp\/v2\/users\/1"}],"replies":[{"embeddable":true,"href":"https:\/\/www.mokrzeszow.edu.pl\/bip\/index.php?rest_route=%2Fwp%2Fv2%2Fcomments&post=10"}],"version-history":[{"count":3,"href":"https:\/\/www.mokrzeszow.edu.pl\/bip\/index.php?rest_route=\/wp\/v2\/pages\/10\/revisions"}],"predecessor-version":[{"id":150,"href":"https:\/\/www.mokrzeszow.edu.pl\/bip\/index.php?rest_route=\/wp\/v2\/pages\/10\/revisions\/150"}],"wp:attachment":[{"href":"https:\/\/www.mokrzeszow.edu.pl\/bip\/index.php?rest_route=%2Fwp%2Fv2%2Fmedia&parent=10"}],"curies":[{"name":"wp","href":"https:\/\/api.w.org\/{rel}","templated":true}]}}