{"id":22,"date":"2023-10-09T16:21:32","date_gmt":"2023-10-09T16:21:32","guid":{"rendered":"https:\/\/www.mokrzeszow.edu.pl\/bip\/?page_id=22"},"modified":"2025-03-31T12:45:22","modified_gmt":"2025-03-31T12:45:22","slug":"polityka-prywatnosci","status":"publish","type":"page","link":"https:\/\/www.mokrzeszow.edu.pl\/bip\/?page_id=22","title":{"rendered":"Polityka prywatno\u015bci"},"content":{"rendered":"\n<h2 class=\"wp-block-heading\">Kim jeste\u015bmy<\/h2>\n\n\n\n<p>Adres naszej strony internetowej to: https:\/\/www.mokrzeszow.edu.pl\/bip. Strona ta stanowi biuletyn informacji publicznej prowadzony przez Zesp\u00f3\u0142 Szk\u00f3\u0142 Centrum Kszta\u0142cenia Rolniczego im. W. Witosa w Mokrzeszowie.<\/p>\n\n\n\n<h2 class=\"wp-block-heading\">Komentarze<\/h2>\n\n\n\n<p>Ze wzgl\u0119d\u00f3w bezpiecze\u0144stwa komentarze na tej stronie s\u0105 domy\u015blnie wy\u0142\u0105czone. Kontakt z redaktorem strony, osobami odpowiedzialnymi za tre\u015bci podany jest w dziale Kontakt. <\/p>\n\n\n\n<h2 class=\"wp-block-heading\">Media<\/h2>\n\n\n\n<p><strong class=\"privacy-policy-tutorial\">Umieszczane tutaj pliki multimedialne<\/strong> s\u0105 w\u0142asno\u015bci\u0105 Szko\u0142y b\u0105d\u017a wykorzystywane s\u0105 na zasadzie Creative Commons. <\/p>\n\n\n\n<h2 class=\"wp-block-heading\">Ciasteczka<\/h2>\n\n\n\n<p><\/p>\n\n\n\n<p>Je\u015bli odwiedzisz stron\u0119 logowania, utworzymy tymczasowe ciasteczko na potrzeby sprawdzenia czy twoja przegl\u0105darka akceptuje ciasteczka. Nie zawiera ono \u017cadnych danych osobistych i zostanie usuni\u0119te, kiedy przegl\u0105darka zostanie zamkni\u0119ta.<\/p>\n\n\n\n<p><\/p>\n\n\n\n<h2 class=\"wp-block-heading\">Osadzone tre\u015bci z innych witryn<\/h2>\n\n\n\n<p>Artyku\u0142y na tej witrynie mog\u0105 zawiera\u0107 osadzone tre\u015bci (np. filmy, obrazki, artyku\u0142y itp.). Osadzone tre\u015bci z innych witryn zachowuj\u0105 si\u0119 analogicznie do tego, jakby u\u017cytkownik odwiedzi\u0142 bezpo\u015brednio konkretn\u0105 witryn\u0119.<\/p>\n\n\n\n<p>Witryny mog\u0105 zbiera\u0107 informacje o tobie, u\u017cywa\u0107 ciasteczek, do\u0142\u0105cza\u0107 dodatkowe, zewn\u0119trzne systemy \u015bledzenia i monitorowa\u0107 twoje interakcje z osadzonym materia\u0142em, w\u0142\u0105czaj\u0105c w to \u015bledzenie twoich interakcji z osadzonym materia\u0142em je\u015bli posiadasz konto i jeste\u015b zalogowany w tamtej witrynie.<\/p>\n\n\n\n<h2 class=\"wp-block-heading\">Z kim dzielimy si\u0119 danymi<\/h2>\n\n\n\n<p>Twoje dane nie s\u0105 w \u017caden \u015bwiadomy spos\u00f3b przez nas zbierana ani przetwarzane. <\/p>\n\n\n\n<h2 class=\"wp-block-heading\">Jak d\u0142ugo przechowujemy twoje dane<\/h2>\n\n\n\n<p>Jak wy\u017cej \ud83d\ude42 <\/p>\n\n\n\n<h2 class=\"wp-block-heading\">Jakie masz prawa do swoich danych<\/h2>\n\n\n\n<p>Je\u015bli jakim\u015b sposobem masz konto u\u017cytkownika albo doda\u0142e\u015b komentarze w tej witrynie (chocia\u017c nie jeste\u015b ani redaktorem, ani administratorem), mo\u017cesz za\u017c\u0105da\u0107 dostarczenia pliku z wyeksportowanym kompletem twoich danych osobistych b\u0119d\u0105cych w naszym posiadaniu, w tym ca\u0142o\u015b\u0107 tych dostarczonych przez ciebie. Mo\u017cesz r\u00f3wnie\u017c za\u017c\u0105da\u0107 usuni\u0119cia przez nas ca\u0142o\u015bci twoich danych osobistych w naszym posiadaniu. Nie dotyczy to \u017cadnych danych kt\u00f3re jeste\u015bmy zobligowani zachowa\u0107 ze wzgl\u0119d\u00f3w administracyjnych, prawnych albo bezpiecze\u0144stwa.<\/p>\n\n\n\n<h2 class=\"wp-block-heading\">Gdzie wysy\u0142amy twoje dane<\/h2>\n\n\n\n<p>Ewentualne komentarze go\u015bci mog\u0105 by\u0107 sprawdzane za pomoc\u0105 automatycznej us\u0142ugi wykrywania spamu. Systemy zabezpieczaj\u0105ce witryn\u0119 pewnie i tak to robi\u0105.<\/p>\n","protected":false},"excerpt":{"rendered":"<p>Kim jeste\u015bmy Adres naszej strony internetowej to: https:\/\/www.mokrzeszow.edu.pl\/bip. Strona ta stanowi biuletyn informacji publicznej prowadzony przez Zesp\u00f3\u0142 Szk\u00f3\u0142 Centrum Kszta\u0142cenia Rolniczego im. W. Witosa w Mokrzeszowie. Komentarze Ze wzgl\u0119d\u00f3w bezpiecze\u0144stwa komentarze na tej stronie s\u0105 domy\u015blnie wy\u0142\u0105czone. Kontakt z redaktorem strony, osobami odpowiedzialnymi za tre\u015bci podany jest w dziale Kontakt. Media Umieszczane tutaj pliki multimedialne [&hellip;]<\/p>\n","protected":false},"author":1,"featured_media":0,"parent":0,"menu_order":0,"comment_status":"closed","ping_status":"closed","template":"","meta":{"footnotes":""},"class_list":["post-22","page","type-page","status-publish","hentry"],"_links":{"self":[{"href":"https:\/\/www.mokrzeszow.edu.pl\/bip\/index.php?rest_route=\/wp\/v2\/pages\/22","targetHints":{"allow":["GET"]}}],"collection":[{"href":"https:\/\/www.mokrzeszow.edu.pl\/bip\/index.php?rest_route=\/wp\/v2\/pages"}],"about":[{"href":"https:\/\/www.mokrzeszow.edu.pl\/bip\/index.php?rest_route=\/wp\/v2\/types\/page"}],"author":[{"embeddable":true,"href":"https:\/\/www.mokrzeszow.edu.pl\/bip\/index.php?rest_route=\/wp\/v2\/users\/1"}],"replies":[{"embeddable":true,"href":"https:\/\/www.mokrzeszow.edu.pl\/bip\/index.php?rest_route=%2Fwp%2Fv2%2Fcomments&post=22"}],"version-history":[{"count":2,"href":"https:\/\/www.mokrzeszow.edu.pl\/bip\/index.php?rest_route=\/wp\/v2\/pages\/22\/revisions"}],"predecessor-version":[{"id":151,"href":"https:\/\/www.mokrzeszow.edu.pl\/bip\/index.php?rest_route=\/wp\/v2\/pages\/22\/revisions\/151"}],"wp:attachment":[{"href":"https:\/\/www.mokrzeszow.edu.pl\/bip\/index.php?rest_route=%2Fwp%2Fv2%2Fmedia&parent=22"}],"curies":[{"name":"wp","href":"https:\/\/api.w.org\/{rel}","templated":true}]}}