{"id":28,"date":"2023-10-09T16:38:57","date_gmt":"2023-10-09T16:38:57","guid":{"rendered":"https:\/\/www.mokrzeszow.edu.pl\/bip\/?page_id=28"},"modified":"2025-03-31T12:57:02","modified_gmt":"2025-03-31T12:57:02","slug":"kontakt","status":"publish","type":"page","link":"https:\/\/www.mokrzeszow.edu.pl\/bip\/?page_id=28","title":{"rendered":"Kontakt"},"content":{"rendered":"\n<p><\/p>\n\n\n\n<p><\/p>\n\n\n\n<p>Zesp\u00f3\u0142 Szk\u00f3\u0142 Centrum Kszta\u0142cenia Rolniczego im. Wincentego Witosa <br>w Mokrzeszowie<\/p>\n\n\n\n<p>Mokrzesz\u00f3w 111, 58-160 \u015awiebodzice<\/p>\n\n\n\n<p>tel. 0048 748508736<\/p>\n\n\n\n<p>fax. 0048 748508700<\/p>\n\n\n\n<p><a href=\"mailto: szkola@mokrzeszow.edu.pl\">poczta elektroniczna<\/a>: szkola@mokrzeszow.edu.pl<\/p>\n\n\n\n<p><a href=\"https:\/\/epuap.login.gov.pl\/\" data-type=\"link\" data-id=\"https:\/\/epuap.login.gov.pl\/\">ePUAP<\/a>: zsckrmokrzeszow1<\/p>\n\n\n\n<p>e-dor\u0119czenia:<\/p>\n\n\n\n<p><\/p>\n\n\n\n<figure class=\"wp-block-image size-large\"><img loading=\"lazy\" decoding=\"async\" width=\"1024\" height=\"1024\" src=\"https:\/\/www.mokrzeszow.edu.pl\/bip\/wp-content\/uploads\/2023\/10\/contact-1024x1024.webp\" alt=\"\" class=\"wp-image-29\" srcset=\"https:\/\/www.mokrzeszow.edu.pl\/bip\/wp-content\/uploads\/2023\/10\/contact-1024x1024.webp 1024w, https:\/\/www.mokrzeszow.edu.pl\/bip\/wp-content\/uploads\/2023\/10\/contact-300x300.webp 300w, https:\/\/www.mokrzeszow.edu.pl\/bip\/wp-content\/uploads\/2023\/10\/contact-150x150.webp 150w, https:\/\/www.mokrzeszow.edu.pl\/bip\/wp-content\/uploads\/2023\/10\/contact-768x768.webp 768w, https:\/\/www.mokrzeszow.edu.pl\/bip\/wp-content\/uploads\/2023\/10\/contact.webp 1200w\" sizes=\"auto, (max-width: 1024px) 100vw, 1024px\" \/><\/figure>\n\n\n\n<p>Redaktor: r.skotnicki@mokrzeszow.edu.pl<\/p>\n\n\n\n<p>Inspektor Ochrony Danych: iod@mokrzeszow.edu.pl<\/p>\n","protected":false},"excerpt":{"rendered":"<p>Zesp\u00f3\u0142 Szk\u00f3\u0142 Centrum Kszta\u0142cenia Rolniczego im. Wincentego Witosa w Mokrzeszowie Mokrzesz\u00f3w 111, 58-160 \u015awiebodzice tel. 0048 748508736 fax. 0048 748508700 poczta elektroniczna: szkola@mokrzeszow.edu.pl ePUAP: zsckrmokrzeszow1 e-dor\u0119czenia: Redaktor: r.skotnicki@mokrzeszow.edu.pl Inspektor Ochrony Danych: iod@mokrzeszow.edu.pl<\/p>\n","protected":false},"author":1,"featured_media":0,"parent":0,"menu_order":0,"comment_status":"closed","ping_status":"closed","template":"","meta":{"footnotes":""},"class_list":["post-28","page","type-page","status-publish","hentry"],"_links":{"self":[{"href":"https:\/\/www.mokrzeszow.edu.pl\/bip\/index.php?rest_route=\/wp\/v2\/pages\/28","targetHints":{"allow":["GET"]}}],"collection":[{"href":"https:\/\/www.mokrzeszow.edu.pl\/bip\/index.php?rest_route=\/wp\/v2\/pages"}],"about":[{"href":"https:\/\/www.mokrzeszow.edu.pl\/bip\/index.php?rest_route=\/wp\/v2\/types\/page"}],"author":[{"embeddable":true,"href":"https:\/\/www.mokrzeszow.edu.pl\/bip\/index.php?rest_route=\/wp\/v2\/users\/1"}],"replies":[{"embeddable":true,"href":"https:\/\/www.mokrzeszow.edu.pl\/bip\/index.php?rest_route=%2Fwp%2Fv2%2Fcomments&post=28"}],"version-history":[{"count":3,"href":"https:\/\/www.mokrzeszow.edu.pl\/bip\/index.php?rest_route=\/wp\/v2\/pages\/28\/revisions"}],"predecessor-version":[{"id":185,"href":"https:\/\/www.mokrzeszow.edu.pl\/bip\/index.php?rest_route=\/wp\/v2\/pages\/28\/revisions\/185"}],"wp:attachment":[{"href":"https:\/\/www.mokrzeszow.edu.pl\/bip\/index.php?rest_route=%2Fwp%2Fv2%2Fmedia&parent=28"}],"curies":[{"name":"wp","href":"https:\/\/api.w.org\/{rel}","templated":true}]}}